{"id":1442,"date":"2020-09-17T16:26:18","date_gmt":"2020-09-17T16:26:18","guid":{"rendered":"https:\/\/brainvt.staging.dissenyweb.com\/?page_id=1442"},"modified":"2020-09-17T16:27:18","modified_gmt":"2020-09-17T16:27:18","slug":"suport","status":"publish","type":"page","link":"https:\/\/www.brainvt.com\/ca\/suport\/","title":{"rendered":"SUPORT"},"content":{"rendered":"<div class=\"wpb-content-wrapper\"><p>[vc_row row_height_percent=&#8221;0&#8243; override_padding=&#8221;yes&#8221; h_padding=&#8221;2&#8243; top_padding=&#8221;5&#8243; bottom_padding=&#8221;5&#8243; overlay_alpha=&#8221;100&#8243; equal_height=&#8221;yes&#8221; gutter_size=&#8221;0&#8243; column_width_percent=&#8221;100&#8243; shift_y=&#8221;0&#8243; z_index=&#8221;0&#8243; style=&#8221;inherited&#8221;][vc_column column_width_percent=&#8221;100&#8243; position_horizontal=&#8221;left&#8221; gutter_size=&#8221;3&#8243; overlay_alpha=&#8221;100&#8243; shift_x=&#8221;0&#8243; shift_y=&#8221;0&#8243; shift_y_down=&#8221;0&#8243; z_index=&#8221;0&#8243; medium_width=&#8221;100&#8243; mobile_width=&#8221;0&#8243; zoom_width=&#8221;0&#8243; zoom_height=&#8221;0&#8243; width=&#8221;1\/1&#8243; safe_padding=&#8221;yes&#8221;][vc_row_inner][vc_column_inner width=&#8221;1\/2&#8243;][vc_custom_heading heading_semantic=&#8221;h1&#8243; text_size=&#8221;h1&#8243; text_space=&#8221;&#8221; sub_lead=&#8221;yes&#8221; subheading=&#8221;El suport t\u00e8cnic Online \u00e9s un servei de BrainVT per a la instal\u00b7laci\u00f3, l&#8217;execuci\u00f3 o la reinstal\u00b7laci\u00f3 del programari.<\/p>\n<p>El nostre suport t\u00e8cnic Online\/Telef\u00f2nic \u00e9s gratu\u00eft per al professional i el pacient del programari BrainVT, sempre que la configuraci\u00f3 del hardware compleixi els requisits m\u00ednims del sistema per al programari. Aquest suport en remot ens permet, amb la teva pr\u00e8via autoritzaci\u00f3, manejar el teu ordinador des de la nostra oficina, per a solucionar qualsevol incid\u00e8ncia amb el programari.&#8221;]Suport per connexi\u00f3 remota[\/vc_custom_heading][\/vc_column_inner][vc_column_inner column_width_percent=&#8221;100&#8243; align_horizontal=&#8221;align_center&#8221; gutter_size=&#8221;3&#8243; overlay_alpha=&#8221;50&#8243; shift_x=&#8221;0&#8243; shift_y=&#8221;0&#8243; shift_y_down=&#8221;0&#8243; z_index=&#8221;0&#8243; medium_width=&#8221;0&#8243; mobile_width=&#8221;0&#8243; width=&#8221;1\/2&#8243;][vc_icon icon=&#8221;fa fa-whatsapp&#8221; icon_color=&#8221;color-128325&#8243; size=&#8221;fa-4x&#8221; heading_semantic=&#8221;h2&#8243; text_size=&#8221;h2&#8243; text_space=&#8221;&#8221; text_lead=&#8221;yes&#8221; text_reduced=&#8221;yes&#8221; title=&#8221;T. +34 620 367 495&#8243;]Tel\u00e8fon de suport[\/vc_icon][vc_button button_color=&#8221;accent&#8221; size=&#8221;btn-lg&#8221; radius=&#8221;btn-circle&#8221; border_width=&#8221;0&#8243; link=&#8221;url:https%3A%2F%2Fanydesk.com%2Fes%2Fdownloads%2Fwindows||target:%20_blank|&#8221;]Descarrega ANYDESK[\/vc_button][\/vc_column_inner][\/vc_row_inner][vc_empty_space empty_h=&#8221;2&#8243;][vc_row_inner row_inner_height_percent=&#8221;0&#8243; overlay_alpha=&#8221;50&#8243; gutter_size=&#8221;4&#8243; shift_y=&#8221;0&#8243; z_index=&#8221;0&#8243;][vc_column_inner width=&#8221;1\/2&#8243;][vc_icon position=&#8221;left&#8221; icon=&#8221;fa fa-clock2&#8243; icon_color=&#8221;accent&#8221; size=&#8221;fa-3x&#8221; text_size=&#8221;h4&#8243; text_space=&#8221;&#8221; align=&#8221;left&#8221; title=&#8221;Horari d&#8217;atenci\u00f3&#8221;]Dilluns a Divendres<br \/>\nMatins de 9.00 a 14.00<br \/>\nTardes de 15.00 a 17.00<br \/>\n<span style=\"font-family: -apple-system, BlinkMacSystemFont, 'Segoe UI', Roboto, Oxygen-Sans, Ubuntu, Cantarell, 'Helvetica Neue', sans-serif;\">Juliol\/Agost de 9.00 a 15.00<\/span>[\/vc_icon][\/vc_column_inner][vc_column_inner width=&#8221;1\/2&#8243;][vc_icon position=&#8221;left&#8221; icon=&#8221;fa fa-desktop2&#8243; icon_color=&#8221;accent&#8221; size=&#8221;fa-3x&#8221; text_size=&#8221;h4&#8243; text_space=&#8221;&#8221; align=&#8221;left&#8221; title=&#8221;Connexi\u00f3&#8221;]Necessitar\u00e0s disposar de connexi\u00f3 d&#8217;internet, preferiblement FIBRA.[\/vc_icon][\/vc_column_inner][\/vc_row_inner][\/vc_column][\/vc_row]<\/p>\n<\/div>","protected":false},"excerpt":{"rendered":"<p>[vc_row row_height_percent=&#8221;0&#8243; override_padding=&#8221;yes&#8221; h_padding=&#8221;2&#8243; top_padding=&#8221;5&#8243; bottom_padding=&#8221;5&#8243; overlay_alpha=&#8221;100&#8243; equal_height=&#8221;yes&#8221; gutter_size=&#8221;0&#8243; column_width_percent=&#8221;100&#8243; shift_y=&#8221;0&#8243; z_index=&#8221;0&#8243; style=&#8221;inherited&#8221;][vc_column column_width_percent=&#8221;100&#8243; position_horizontal=&#8221;left&#8221; gutter_size=&#8221;3&#8243; overlay_alpha=&#8221;100&#8243; shift_x=&#8221;0&#8243; shift_y=&#8221;0&#8243; shift_y_down=&#8221;0&#8243; [&hellip;]<\/p>\n","protected":false},"author":1,"featured_media":0,"parent":0,"menu_order":0,"comment_status":"closed","ping_status":"closed","template":"","meta":{"footnotes":""},"class_list":["post-1442","page","type-page","status-publish","hentry"],"yoast_head":"<!-- This site is optimized with the Yoast SEO plugin v27.3 - https:\/\/yoast.com\/product\/yoast-seo-wordpress\/ -->\n<title>SUPORT - BrainVT<\/title>\n<meta name=\"robots\" content=\"index, follow, max-snippet:-1, max-image-preview:large, max-video-preview:-1\" \/>\n<link rel=\"canonical\" href=\"https:\/\/www.brainvt.com\/ca\/suport\/\" \/>\n<meta property=\"og:locale\" content=\"ca_ES\" \/>\n<meta property=\"og:type\" content=\"article\" \/>\n<meta property=\"og:title\" content=\"SUPORT - BrainVT\" \/>\n<meta property=\"og:description\" content=\"[vc_row row_height_percent=&#8221;0&#8243; override_padding=&#8221;yes&#8221; h_padding=&#8221;2&#8243; top_padding=&#8221;5&#8243; bottom_padding=&#8221;5&#8243; overlay_alpha=&#8221;100&#8243; equal_height=&#8221;yes&#8221; gutter_size=&#8221;0&#8243; column_width_percent=&#8221;100&#8243; shift_y=&#8221;0&#8243; z_index=&#8221;0&#8243; style=&#8221;inherited&#8221;][vc_column column_width_percent=&#8221;100&#8243; position_horizontal=&#8221;left&#8221; gutter_size=&#8221;3&#8243; overlay_alpha=&#8221;100&#8243; shift_x=&#8221;0&#8243; shift_y=&#8221;0&#8243; shift_y_down=&#8221;0&#8243; [&hellip;]\" \/>\n<meta property=\"og:url\" content=\"https:\/\/www.brainvt.com\/ca\/suport\/\" \/>\n<meta property=\"og:site_name\" content=\"BrainVT\" \/>\n<meta property=\"article:modified_time\" content=\"2020-09-17T16:27:18+00:00\" \/>\n<meta name=\"twitter:card\" content=\"summary_large_image\" \/>\n<meta name=\"twitter:label1\" content=\"Temps estimat de lectura\" \/>\n\t<meta name=\"twitter:data1\" content=\"2 minuts\" \/>\n<script type=\"application\/ld+json\" class=\"yoast-schema-graph\">{\"@context\":\"https:\\\/\\\/schema.org\",\"@graph\":[{\"@type\":\"WebPage\",\"@id\":\"https:\\\/\\\/www.brainvt.com\\\/ca\\\/suport\\\/\",\"url\":\"https:\\\/\\\/www.brainvt.com\\\/ca\\\/suport\\\/\",\"name\":\"SUPORT - BrainVT\",\"isPartOf\":{\"@id\":\"https:\\\/\\\/www.brainvt.com\\\/ca\\\/#website\"},\"datePublished\":\"2020-09-17T16:26:18+00:00\",\"dateModified\":\"2020-09-17T16:27:18+00:00\",\"breadcrumb\":{\"@id\":\"https:\\\/\\\/www.brainvt.com\\\/ca\\\/suport\\\/#breadcrumb\"},\"inLanguage\":\"ca\",\"potentialAction\":[{\"@type\":\"ReadAction\",\"target\":[\"https:\\\/\\\/www.brainvt.com\\\/ca\\\/suport\\\/\"]}]},{\"@type\":\"BreadcrumbList\",\"@id\":\"https:\\\/\\\/www.brainvt.com\\\/ca\\\/suport\\\/#breadcrumb\",\"itemListElement\":[{\"@type\":\"ListItem\",\"position\":1,\"name\":\"Home\",\"item\":\"https:\\\/\\\/www.brainvt.com\\\/ca\\\/\"},{\"@type\":\"ListItem\",\"position\":2,\"name\":\"SUPORT\"}]},{\"@type\":\"WebSite\",\"@id\":\"https:\\\/\\\/www.brainvt.com\\\/ca\\\/#website\",\"url\":\"https:\\\/\\\/www.brainvt.com\\\/ca\\\/\",\"name\":\"BrainVT\",\"description\":\"Health Apps\",\"publisher\":{\"@id\":\"https:\\\/\\\/www.brainvt.com\\\/ca\\\/#organization\"},\"potentialAction\":[{\"@type\":\"SearchAction\",\"target\":{\"@type\":\"EntryPoint\",\"urlTemplate\":\"https:\\\/\\\/www.brainvt.com\\\/ca\\\/?s={search_term_string}\"},\"query-input\":{\"@type\":\"PropertyValueSpecification\",\"valueRequired\":true,\"valueName\":\"search_term_string\"}}],\"inLanguage\":\"ca\"},{\"@type\":\"Organization\",\"@id\":\"https:\\\/\\\/www.brainvt.com\\\/ca\\\/#organization\",\"name\":\"BrainVT\",\"url\":\"https:\\\/\\\/www.brainvt.com\\\/ca\\\/\",\"logo\":{\"@type\":\"ImageObject\",\"inLanguage\":\"ca\",\"@id\":\"https:\\\/\\\/www.brainvt.com\\\/ca\\\/#\\\/schema\\\/logo\\\/image\\\/\",\"url\":\"https:\\\/\\\/www.brainvt.com\\\/wp-content\\\/uploads\\\/2020\\\/08\\\/brainvt-main-logo.svg\",\"contentUrl\":\"https:\\\/\\\/www.brainvt.com\\\/wp-content\\\/uploads\\\/2020\\\/08\\\/brainvt-main-logo.svg\",\"width\":1,\"height\":1,\"caption\":\"BrainVT\"},\"image\":{\"@id\":\"https:\\\/\\\/www.brainvt.com\\\/ca\\\/#\\\/schema\\\/logo\\\/image\\\/\"}}]}<\/script>\n<!-- \/ Yoast SEO plugin. -->","yoast_head_json":{"title":"SUPORT - BrainVT","robots":{"index":"index","follow":"follow","max-snippet":"max-snippet:-1","max-image-preview":"max-image-preview:large","max-video-preview":"max-video-preview:-1"},"canonical":"https:\/\/www.brainvt.com\/ca\/suport\/","og_locale":"ca_ES","og_type":"article","og_title":"SUPORT - BrainVT","og_description":"[vc_row row_height_percent=&#8221;0&#8243; override_padding=&#8221;yes&#8221; h_padding=&#8221;2&#8243; top_padding=&#8221;5&#8243; bottom_padding=&#8221;5&#8243; overlay_alpha=&#8221;100&#8243; equal_height=&#8221;yes&#8221; gutter_size=&#8221;0&#8243; column_width_percent=&#8221;100&#8243; shift_y=&#8221;0&#8243; z_index=&#8221;0&#8243; style=&#8221;inherited&#8221;][vc_column column_width_percent=&#8221;100&#8243; position_horizontal=&#8221;left&#8221; gutter_size=&#8221;3&#8243; overlay_alpha=&#8221;100&#8243; shift_x=&#8221;0&#8243; shift_y=&#8221;0&#8243; shift_y_down=&#8221;0&#8243; [&hellip;]","og_url":"https:\/\/www.brainvt.com\/ca\/suport\/","og_site_name":"BrainVT","article_modified_time":"2020-09-17T16:27:18+00:00","twitter_card":"summary_large_image","twitter_misc":{"Temps estimat de lectura":"2 minuts"},"schema":{"@context":"https:\/\/schema.org","@graph":[{"@type":"WebPage","@id":"https:\/\/www.brainvt.com\/ca\/suport\/","url":"https:\/\/www.brainvt.com\/ca\/suport\/","name":"SUPORT - BrainVT","isPartOf":{"@id":"https:\/\/www.brainvt.com\/ca\/#website"},"datePublished":"2020-09-17T16:26:18+00:00","dateModified":"2020-09-17T16:27:18+00:00","breadcrumb":{"@id":"https:\/\/www.brainvt.com\/ca\/suport\/#breadcrumb"},"inLanguage":"ca","potentialAction":[{"@type":"ReadAction","target":["https:\/\/www.brainvt.com\/ca\/suport\/"]}]},{"@type":"BreadcrumbList","@id":"https:\/\/www.brainvt.com\/ca\/suport\/#breadcrumb","itemListElement":[{"@type":"ListItem","position":1,"name":"Home","item":"https:\/\/www.brainvt.com\/ca\/"},{"@type":"ListItem","position":2,"name":"SUPORT"}]},{"@type":"WebSite","@id":"https:\/\/www.brainvt.com\/ca\/#website","url":"https:\/\/www.brainvt.com\/ca\/","name":"BrainVT","description":"Health Apps","publisher":{"@id":"https:\/\/www.brainvt.com\/ca\/#organization"},"potentialAction":[{"@type":"SearchAction","target":{"@type":"EntryPoint","urlTemplate":"https:\/\/www.brainvt.com\/ca\/?s={search_term_string}"},"query-input":{"@type":"PropertyValueSpecification","valueRequired":true,"valueName":"search_term_string"}}],"inLanguage":"ca"},{"@type":"Organization","@id":"https:\/\/www.brainvt.com\/ca\/#organization","name":"BrainVT","url":"https:\/\/www.brainvt.com\/ca\/","logo":{"@type":"ImageObject","inLanguage":"ca","@id":"https:\/\/www.brainvt.com\/ca\/#\/schema\/logo\/image\/","url":"https:\/\/www.brainvt.com\/wp-content\/uploads\/2020\/08\/brainvt-main-logo.svg","contentUrl":"https:\/\/www.brainvt.com\/wp-content\/uploads\/2020\/08\/brainvt-main-logo.svg","width":1,"height":1,"caption":"BrainVT"},"image":{"@id":"https:\/\/www.brainvt.com\/ca\/#\/schema\/logo\/image\/"}}]}},"_links":{"self":[{"href":"https:\/\/www.brainvt.com\/ca\/wp-json\/wp\/v2\/pages\/1442","targetHints":{"allow":["GET"]}}],"collection":[{"href":"https:\/\/www.brainvt.com\/ca\/wp-json\/wp\/v2\/pages"}],"about":[{"href":"https:\/\/www.brainvt.com\/ca\/wp-json\/wp\/v2\/types\/page"}],"author":[{"embeddable":true,"href":"https:\/\/www.brainvt.com\/ca\/wp-json\/wp\/v2\/users\/1"}],"replies":[{"embeddable":true,"href":"https:\/\/www.brainvt.com\/ca\/wp-json\/wp\/v2\/comments?post=1442"}],"version-history":[{"count":2,"href":"https:\/\/www.brainvt.com\/ca\/wp-json\/wp\/v2\/pages\/1442\/revisions"}],"predecessor-version":[{"id":1444,"href":"https:\/\/www.brainvt.com\/ca\/wp-json\/wp\/v2\/pages\/1442\/revisions\/1444"}],"wp:attachment":[{"href":"https:\/\/www.brainvt.com\/ca\/wp-json\/wp\/v2\/media?parent=1442"}],"curies":[{"name":"wp","href":"https:\/\/api.w.org\/{rel}","templated":true}]}}