{"id":1599,"date":"2020-09-17T18:35:54","date_gmt":"2020-09-17T18:35:54","guid":{"rendered":"https:\/\/brainvt.staging.dissenyweb.com\/?page_id=1599"},"modified":"2020-10-29T12:33:32","modified_gmt":"2020-10-29T12:33:32","slug":"politica-de-cookies","status":"publish","type":"page","link":"https:\/\/www.brainvt.com\/ca\/politica-de-cookies\/","title":{"rendered":"Pol\u00edtica de Cookies"},"content":{"rendered":"<div class=\"wpb-content-wrapper\"><p>[vc_row][vc_column column_width_percent=&#8221;100&#8243; gutter_size=&#8221;3&#8243; override_padding=&#8221;yes&#8221; column_padding=&#8221;3&#8243; expand_height=&#8221;yes&#8221; overlay_alpha=&#8221;50&#8243; shift_x=&#8221;0&#8243; shift_y=&#8221;0&#8243; shift_y_down=&#8221;0&#8243; z_index=&#8221;0&#8243; medium_width=&#8221;0&#8243; mobile_width=&#8221;0&#8243;][vc_column_text text_lead=&#8221;yes&#8221;]<\/p>\r\n\r\n<h1 class=\"wp-block-heading\">Pol\u00edtica de Cookies<\/h1>\r\n<p><span style=\"font-weight: 400;\">Des de la nostra Web volem explicar-li que s\u00f3n les Cookies, perqu\u00e8 serveixen, la finalitat de les mateixes i com pot configurar-les o deshabilitar-les.<\/span><\/p>\r\n<h3><b>Qu\u00e8 \u00e9s una\u00a0Cookie?<\/b><\/h3>\r\n<p><span style=\"font-weight: 400;\">Les Cookies s\u00f3n petits arxius de dades rebudes pel terminal des del lloc web visitat i s&#8217;utilitzen per enregistrar certes interaccions de navegaci\u00f3 en un lloc web mitjan\u00e7ant l&#8217;emmagatzematge de dades que pot ser actualitzat i es recupera. Aquests arxius s&#8217;emmagatzemen a l&#8217;ordinador de l&#8217;usuari i contenen dades an\u00f2nimes que no s\u00f3n perjudicials pel sistema. S&#8217;utilitzen per a recordar les prefer\u00e8ncies de l&#8217;usuari, com ara l&#8217;idioma seleccionat, les dades d&#8217;acc\u00e9s o la p\u00e0gina de personalitzaci\u00f3.<\/span><\/p>\r\n<p><span style=\"font-weight: 400;\">Les Cookies s\u00f3n segures ja que nom\u00e9s poden emmagatzemar la informaci\u00f3 que es va posar en el seu lloc pel navegador, la qual cosa \u00e9s informaci\u00f3 que l&#8217;usuari ha introdu\u00eft en el navegador o la que s&#8217;inclou en la sol\u00b7licitud de p\u00e0gina. No poden executar codi i no es poden utilitzar per a accedir al seu ordinador.<\/span><\/p>\r\n<h3><b>Tipus de Cookies.<\/b><\/h3>\r\n<p><b>En funci\u00f3 de Qui les gestioni:<\/b><\/p>\r\n<p><span style=\"font-weight: 400;\">Cookies pr\u00f2pies: s\u00f3n les enviades i gestionades per un equip o domini del propi editor de la web que s&#8217;est\u00e0 visitant.<\/span><\/p>\r\n<p><span style=\"font-weight: 400;\">Cookies de tercers: s\u00f3n les enviades i gestionades per un tercer que no \u00e9s el propi editor de la web, quan procedeixen d&#8217;un altre servidor. Com per exemple, les usades per xarxes socials, o per contingut extern com Google\u00a0Maps.<\/span><\/p>\r\n<p><b>En funci\u00f3 de la finalitat per a la qual es tractin les dades obtingudes d&#8217;aquestes.<\/b><\/p>\r\n<p><span style=\"font-weight: 400;\">Cookies t\u00e8cniques: permeten a l&#8217;usuari la navegaci\u00f3 a trav\u00e9s d&#8217;una p\u00e0gina web i la utilitzaci\u00f3 de les diferents opcions o serveis que en ella existeixin com, per exemple, controlar el tr\u00e0nsit, identificar la sessi\u00f3 de l&#8217;usuari, accedir a parts d&#8217;acc\u00e9s restringit, recordar els elements que integren una comanda, realitzar la sol\u00b7licitud d&#8217;inscripci\u00f3 o participaci\u00f3 en un esdeveniment, utilitzar elements de seguretat durant la navegaci\u00f3, emmagatzemar continguts per a la difusi\u00f3 de v\u00eddeos o so o compartir continguts a trav\u00e9s de xarxes socials.<\/span><\/p>\r\n<p><span style=\"font-weight: 400;\">Cookies de personalitzaci\u00f3: S\u00f3n aquelles que li permeten accedir al servei amb unes caracter\u00edstiques predefinides en funci\u00f3 d&#8217;una s\u00e8rie de criteris, com per exemple l&#8217;idioma, el tipus de navegador a trav\u00e9s del qual s&#8217;accedeix al servei, la configuraci\u00f3 regional des d&#8217;on s&#8217;accedeix al servei, etc.<\/span><\/p>\r\n<p><span style=\"font-weight: 400;\">Cookies d&#8217;an\u00e0lisis: S\u00f3n aquelles que ens permeten quantificar el nombre d&#8217;usuaris i aix\u00ed realitzar el mesurament i an\u00e0lisi estad\u00edstic de la utilitzaci\u00f3 que fan els usuaris dels serveis prestats i sobre la base d&#8217;aix\u00f2 tamb\u00e9 aplicar millores de disseny i velocitat.<\/span><\/p>\r\n<p><span style=\"font-weight: 400;\">Cookies de publicitat comportamental: s\u00f3n aquelles que emmagatzemen informaci\u00f3 del comportament dels usuaris obtinguda a trav\u00e9s de l&#8217;observaci\u00f3 continuada dels seus h\u00e0bits de navegaci\u00f3, la qual cosa permet desenvolupar un perfil espec\u00edfic per a mostrar publicitat en funci\u00f3 d&#8217;aquest.<\/span><\/p>\r\n<p><b>En funci\u00f3 de la caducitat:<\/b><\/p>\r\n<p><span style=\"font-weight: 400;\">Cookies de sessi\u00f3: s\u00f3n Cookies temporals que romanen a l&#8217;arxiu de Cookies del navegador fins que s&#8217;abandona la p\u00e0gina web. Se sol utilitzar per a analitzar pautes de tr\u00e0nsit a la web. A la llarga, aix\u00f2 permet proporcionar una millor experi\u00e8ncia per a millorar el contingut i facilitar el seu \u00fas.<\/span><\/p>\r\n<p><span style=\"font-weight: 400;\">Cookies permanents: s\u00f3n emmagatzemades al terminal i la p\u00e0gina web les llegeix cada vegada que es realitza una nova visita. Malgrat el seu nom, una Cookie permanent posseeix una data d&#8217;expiraci\u00f3 determinada. La\u00a0Cookie\u00a0deixar\u00e0 de funcionar despr\u00e9s d&#8217;aquesta data que pot anar d&#8217;uns minuts a diversos anys. S&#8217;utilitzen, generalment, per a facilitar els diferents serveis que ofereixen les p\u00e0gines web.<\/span><\/p>\r\n<h3><b>Cookies Utilitzades:<\/b><\/h3>\r\n<p><span style=\"font-weight: 400;\">Aquest portal Web utilitza Cookies que s\u00f3n estrictament indispensables per a poder utilitzar el nostre lloc web i navegar lliurement, utilitzar les \u00e0rees de seguretat, opcions personalitzades, etc. No es recullen dades personals tret que vulgui registrar-se, de manera volunt\u00e0ria amb la finalitat de realitzar compres dels productes i serveis que posem a la seva disposici\u00f3 o de rebre informaci\u00f3 sobre promocions i continguts del seu inter\u00e8s previ consentiment.<\/span><\/p>\r\n<p><span style=\"font-weight: 400;\">No es cedeixen dades a tercers, no obstant , el nostre portal Web pot contenir enlla\u00e7os a llocs web de tercers, les pol\u00edtiques de privacitat dels quals s\u00f3n alienes a nosaltres. En accedir a tals llocs web vost\u00e8 pot decidir si accepta les seves pol\u00edtiques de privacitat i de Cookies.<\/span><\/p>\r\n<p><span style=\"font-weight: 400;\">Tamb\u00e9 poden contenir enlla\u00e7os a Xarxes Socials (com Facebook o Twitter). El nostre Portal Web no t\u00e9 control sobre les Cookies utilitzades per aquests llocs web externs. Per a m\u00e9s detalls sobre les Cookies de xarxes socials o les de llocs web no relacionats, li recomanem que revisi les seves pr\u00f2pies pol\u00edtiques de Cookies.<\/span><\/p>\r\n<h3><b>Cookies utilitzades de tercers:<\/b><\/h3>\r\n<p><span style=\"font-weight: 400;\">_ga, __utma, __utmb, __utmc, __utmz, __utmv: Cookies associades a Google\u00a0Analytics.<\/span><\/p>\r\n<p><span style=\"font-weight: 400;\">Permeten distingir els diferents usuaris de la web. Caduquen als dos anys.<\/span><\/p>\r\n<p>&nbsp;<\/p>\r\n<p><b>Configurar o deshabilitar Cookies:<\/b><\/p>\r\n<p><span style=\"font-weight: 400;\">Tots els navegadors d&#8217;Internet permeten limitar el comportament d&#8217;una\u00a0Cookie\u00a0o desactivar les Cookies dins de la configuraci\u00f3 o les opcions del navegador. Els passos per a fer-ho s\u00f3n diferents per a cada navegador, trobant-se instruccions en el men\u00fa d&#8217;ajuda del seu navegador. En els seg\u00fcents enlla\u00e7os t\u00e9 a la seva disposici\u00f3 tota la informaci\u00f3 per a configurar o deshabilitar les Cookies en cada navegador:<\/span><\/p>\r\n<p><b>Chrome: <\/b><a href=\"http:\/\/support.google.com\/chrome\/bin\/answer.py?hl=es&amp;answer=95647\"><span style=\"font-weight: 400;\">http:\/\/support.google.com\/chrome\/bin\/answer.py?hl=ca&amp;answer=95647<\/span><\/a><\/p>\r\n<p><b>Firefox: <\/b><span style=\"font-weight: 400;\">\u00a0<\/span><a href=\"http:\/\/support.mozilla.org\/es\/kb\/habilitar-y-deshabilitar-cookies-que-los-sitios-we\"><span style=\"font-weight: 400;\">https:\/\/support.mozilla.org\/ca\/kb\/activa-i-desactiva-les-galetes-que-les-pagines-web\u00a0<\/span><\/a><\/p>\r\n<p><b>Edge<\/b><span style=\"font-weight: 400;\">: <\/span><a href=\"https:\/\/privacy.microsoft.com\/es-es\/windows-10-microsoft-edge-and-privacy\"><span style=\"font-weight: 400;\">https:\/\/privacy.microsoft.com\/es-es\/windows-10-microsoft-edge-and-privacy<\/span><\/a><\/p>\r\n<p><b>Safari: <\/b><a href=\"https:\/\/support.apple.com\/kb\/PH21411?locale=es_ES&amp;viewlocale=es_ES\"><span style=\"font-weight: 400;\">https:\/\/support.apple.com\/kb\/PH21411?locale=es_ES&amp;viewlocale=es_ES<\/span><\/a><\/p>\r\n<p>[\/vc_column_text][\/vc_column][\/vc_row]<\/p><\/div>","protected":false},"excerpt":{"rendered":"<p>[vc_row][vc_column column_width_percent=&#8221;100&#8243; gutter_size=&#8221;3&#8243; override_padding=&#8221;yes&#8221; column_padding=&#8221;3&#8243; expand_height=&#8221;yes&#8221; overlay_alpha=&#8221;50&#8243; shift_x=&#8221;0&#8243; shift_y=&#8221;0&#8243; shift_y_down=&#8221;0&#8243; z_index=&#8221;0&#8243; medium_width=&#8221;0&#8243; mobile_width=&#8221;0&#8243;][vc_column_text text_lead=&#8221;yes&#8221;] Pol\u00edtica de Cookies Des de la [&hellip;]<\/p>\n","protected":false},"author":1,"featured_media":0,"parent":0,"menu_order":0,"comment_status":"closed","ping_status":"closed","template":"","meta":{"footnotes":""},"class_list":["post-1599","page","type-page","status-publish","hentry"],"yoast_head":"<!-- This site is optimized with the Yoast SEO plugin v27.3 - https:\/\/yoast.com\/product\/yoast-seo-wordpress\/ -->\n<title>Pol\u00edtica de Cookies - BrainVT<\/title>\n<meta name=\"robots\" content=\"index, follow, max-snippet:-1, max-image-preview:large, max-video-preview:-1\" \/>\n<link rel=\"canonical\" href=\"https:\/\/www.brainvt.com\/ca\/politica-de-cookies\/\" \/>\n<meta property=\"og:locale\" content=\"ca_ES\" \/>\n<meta property=\"og:type\" content=\"article\" \/>\n<meta property=\"og:title\" content=\"Pol\u00edtica de Cookies - BrainVT\" \/>\n<meta property=\"og:description\" content=\"[vc_row][vc_column column_width_percent=&#8221;100&#8243; gutter_size=&#8221;3&#8243; override_padding=&#8221;yes&#8221; column_padding=&#8221;3&#8243; expand_height=&#8221;yes&#8221; overlay_alpha=&#8221;50&#8243; shift_x=&#8221;0&#8243; shift_y=&#8221;0&#8243; shift_y_down=&#8221;0&#8243; z_index=&#8221;0&#8243; medium_width=&#8221;0&#8243; mobile_width=&#8221;0&#8243;][vc_column_text text_lead=&#8221;yes&#8221;] Pol\u00edtica de Cookies Des de la [&hellip;]\" \/>\n<meta property=\"og:url\" content=\"https:\/\/www.brainvt.com\/ca\/politica-de-cookies\/\" \/>\n<meta property=\"og:site_name\" content=\"BrainVT\" \/>\n<meta property=\"article:modified_time\" content=\"2020-10-29T12:33:32+00:00\" \/>\n<meta name=\"twitter:card\" content=\"summary_large_image\" \/>\n<meta name=\"twitter:label1\" content=\"Temps estimat de lectura\" \/>\n\t<meta name=\"twitter:data1\" content=\"5 minuts\" \/>\n<script type=\"application\/ld+json\" class=\"yoast-schema-graph\">{\"@context\":\"https:\\\/\\\/schema.org\",\"@graph\":[{\"@type\":\"WebPage\",\"@id\":\"https:\\\/\\\/www.brainvt.com\\\/ca\\\/politica-de-cookies\\\/\",\"url\":\"https:\\\/\\\/www.brainvt.com\\\/ca\\\/politica-de-cookies\\\/\",\"name\":\"Pol\u00edtica de Cookies - BrainVT\",\"isPartOf\":{\"@id\":\"https:\\\/\\\/www.brainvt.com\\\/ca\\\/#website\"},\"datePublished\":\"2020-09-17T18:35:54+00:00\",\"dateModified\":\"2020-10-29T12:33:32+00:00\",\"breadcrumb\":{\"@id\":\"https:\\\/\\\/www.brainvt.com\\\/ca\\\/politica-de-cookies\\\/#breadcrumb\"},\"inLanguage\":\"ca\",\"potentialAction\":[{\"@type\":\"ReadAction\",\"target\":[\"https:\\\/\\\/www.brainvt.com\\\/ca\\\/politica-de-cookies\\\/\"]}]},{\"@type\":\"BreadcrumbList\",\"@id\":\"https:\\\/\\\/www.brainvt.com\\\/ca\\\/politica-de-cookies\\\/#breadcrumb\",\"itemListElement\":[{\"@type\":\"ListItem\",\"position\":1,\"name\":\"Home\",\"item\":\"https:\\\/\\\/www.brainvt.com\\\/ca\\\/\"},{\"@type\":\"ListItem\",\"position\":2,\"name\":\"Pol\u00edtica de Cookies\"}]},{\"@type\":\"WebSite\",\"@id\":\"https:\\\/\\\/www.brainvt.com\\\/ca\\\/#website\",\"url\":\"https:\\\/\\\/www.brainvt.com\\\/ca\\\/\",\"name\":\"BrainVT\",\"description\":\"Health Apps\",\"publisher\":{\"@id\":\"https:\\\/\\\/www.brainvt.com\\\/ca\\\/#organization\"},\"potentialAction\":[{\"@type\":\"SearchAction\",\"target\":{\"@type\":\"EntryPoint\",\"urlTemplate\":\"https:\\\/\\\/www.brainvt.com\\\/ca\\\/?s={search_term_string}\"},\"query-input\":{\"@type\":\"PropertyValueSpecification\",\"valueRequired\":true,\"valueName\":\"search_term_string\"}}],\"inLanguage\":\"ca\"},{\"@type\":\"Organization\",\"@id\":\"https:\\\/\\\/www.brainvt.com\\\/ca\\\/#organization\",\"name\":\"BrainVT\",\"url\":\"https:\\\/\\\/www.brainvt.com\\\/ca\\\/\",\"logo\":{\"@type\":\"ImageObject\",\"inLanguage\":\"ca\",\"@id\":\"https:\\\/\\\/www.brainvt.com\\\/ca\\\/#\\\/schema\\\/logo\\\/image\\\/\",\"url\":\"https:\\\/\\\/www.brainvt.com\\\/wp-content\\\/uploads\\\/2020\\\/08\\\/brainvt-main-logo.svg\",\"contentUrl\":\"https:\\\/\\\/www.brainvt.com\\\/wp-content\\\/uploads\\\/2020\\\/08\\\/brainvt-main-logo.svg\",\"width\":1,\"height\":1,\"caption\":\"BrainVT\"},\"image\":{\"@id\":\"https:\\\/\\\/www.brainvt.com\\\/ca\\\/#\\\/schema\\\/logo\\\/image\\\/\"}}]}<\/script>\n<!-- \/ Yoast SEO plugin. -->","yoast_head_json":{"title":"Pol\u00edtica de Cookies - BrainVT","robots":{"index":"index","follow":"follow","max-snippet":"max-snippet:-1","max-image-preview":"max-image-preview:large","max-video-preview":"max-video-preview:-1"},"canonical":"https:\/\/www.brainvt.com\/ca\/politica-de-cookies\/","og_locale":"ca_ES","og_type":"article","og_title":"Pol\u00edtica de Cookies - BrainVT","og_description":"[vc_row][vc_column column_width_percent=&#8221;100&#8243; gutter_size=&#8221;3&#8243; override_padding=&#8221;yes&#8221; column_padding=&#8221;3&#8243; expand_height=&#8221;yes&#8221; overlay_alpha=&#8221;50&#8243; shift_x=&#8221;0&#8243; shift_y=&#8221;0&#8243; shift_y_down=&#8221;0&#8243; z_index=&#8221;0&#8243; medium_width=&#8221;0&#8243; mobile_width=&#8221;0&#8243;][vc_column_text text_lead=&#8221;yes&#8221;] Pol\u00edtica de Cookies Des de la [&hellip;]","og_url":"https:\/\/www.brainvt.com\/ca\/politica-de-cookies\/","og_site_name":"BrainVT","article_modified_time":"2020-10-29T12:33:32+00:00","twitter_card":"summary_large_image","twitter_misc":{"Temps estimat de lectura":"5 minuts"},"schema":{"@context":"https:\/\/schema.org","@graph":[{"@type":"WebPage","@id":"https:\/\/www.brainvt.com\/ca\/politica-de-cookies\/","url":"https:\/\/www.brainvt.com\/ca\/politica-de-cookies\/","name":"Pol\u00edtica de Cookies - BrainVT","isPartOf":{"@id":"https:\/\/www.brainvt.com\/ca\/#website"},"datePublished":"2020-09-17T18:35:54+00:00","dateModified":"2020-10-29T12:33:32+00:00","breadcrumb":{"@id":"https:\/\/www.brainvt.com\/ca\/politica-de-cookies\/#breadcrumb"},"inLanguage":"ca","potentialAction":[{"@type":"ReadAction","target":["https:\/\/www.brainvt.com\/ca\/politica-de-cookies\/"]}]},{"@type":"BreadcrumbList","@id":"https:\/\/www.brainvt.com\/ca\/politica-de-cookies\/#breadcrumb","itemListElement":[{"@type":"ListItem","position":1,"name":"Home","item":"https:\/\/www.brainvt.com\/ca\/"},{"@type":"ListItem","position":2,"name":"Pol\u00edtica de Cookies"}]},{"@type":"WebSite","@id":"https:\/\/www.brainvt.com\/ca\/#website","url":"https:\/\/www.brainvt.com\/ca\/","name":"BrainVT","description":"Health Apps","publisher":{"@id":"https:\/\/www.brainvt.com\/ca\/#organization"},"potentialAction":[{"@type":"SearchAction","target":{"@type":"EntryPoint","urlTemplate":"https:\/\/www.brainvt.com\/ca\/?s={search_term_string}"},"query-input":{"@type":"PropertyValueSpecification","valueRequired":true,"valueName":"search_term_string"}}],"inLanguage":"ca"},{"@type":"Organization","@id":"https:\/\/www.brainvt.com\/ca\/#organization","name":"BrainVT","url":"https:\/\/www.brainvt.com\/ca\/","logo":{"@type":"ImageObject","inLanguage":"ca","@id":"https:\/\/www.brainvt.com\/ca\/#\/schema\/logo\/image\/","url":"https:\/\/www.brainvt.com\/wp-content\/uploads\/2020\/08\/brainvt-main-logo.svg","contentUrl":"https:\/\/www.brainvt.com\/wp-content\/uploads\/2020\/08\/brainvt-main-logo.svg","width":1,"height":1,"caption":"BrainVT"},"image":{"@id":"https:\/\/www.brainvt.com\/ca\/#\/schema\/logo\/image\/"}}]}},"_links":{"self":[{"href":"https:\/\/www.brainvt.com\/ca\/wp-json\/wp\/v2\/pages\/1599","targetHints":{"allow":["GET"]}}],"collection":[{"href":"https:\/\/www.brainvt.com\/ca\/wp-json\/wp\/v2\/pages"}],"about":[{"href":"https:\/\/www.brainvt.com\/ca\/wp-json\/wp\/v2\/types\/page"}],"author":[{"embeddable":true,"href":"https:\/\/www.brainvt.com\/ca\/wp-json\/wp\/v2\/users\/1"}],"replies":[{"embeddable":true,"href":"https:\/\/www.brainvt.com\/ca\/wp-json\/wp\/v2\/comments?post=1599"}],"version-history":[{"count":4,"href":"https:\/\/www.brainvt.com\/ca\/wp-json\/wp\/v2\/pages\/1599\/revisions"}],"predecessor-version":[{"id":2462,"href":"https:\/\/www.brainvt.com\/ca\/wp-json\/wp\/v2\/pages\/1599\/revisions\/2462"}],"wp:attachment":[{"href":"https:\/\/www.brainvt.com\/ca\/wp-json\/wp\/v2\/media?parent=1599"}],"curies":[{"name":"wp","href":"https:\/\/api.w.org\/{rel}","templated":true}]}}