{"id":1950,"date":"2020-09-18T17:37:51","date_gmt":"2020-09-18T17:37:51","guid":{"rendered":"https:\/\/brainvt.staging.dissenyweb.com\/?page_id=1950"},"modified":"2020-09-18T17:53:46","modified_gmt":"2020-09-18T17:53:46","slug":"hilfe","status":"publish","type":"page","link":"https:\/\/www.brainvt.com\/de\/hilfe\/","title":{"rendered":"HILFE"},"content":{"rendered":"<div class=\"wpb-content-wrapper\"><p>[vc_row row_height_percent=&#8221;0&#8243; override_padding=&#8221;yes&#8221; h_padding=&#8221;2&#8243; top_padding=&#8221;5&#8243; bottom_padding=&#8221;5&#8243; overlay_alpha=&#8221;100&#8243; equal_height=&#8221;yes&#8221; gutter_size=&#8221;0&#8243; column_width_percent=&#8221;100&#8243; shift_y=&#8221;0&#8243; z_index=&#8221;0&#8243; style=&#8221;inherited&#8221;][vc_column column_width_percent=&#8221;100&#8243; position_horizontal=&#8221;left&#8221; gutter_size=&#8221;3&#8243; overlay_alpha=&#8221;100&#8243; shift_x=&#8221;0&#8243; shift_y=&#8221;0&#8243; shift_y_down=&#8221;0&#8243; z_index=&#8221;0&#8243; medium_width=&#8221;100&#8243; mobile_width=&#8221;0&#8243; zoom_width=&#8221;0&#8243; zoom_height=&#8221;0&#8243; width=&#8221;1\/1&#8243; safe_padding=&#8221;yes&#8221;][vc_row_inner][vc_column_inner width=&#8221;1\/2&#8243;][vc_custom_heading heading_semantic=&#8221;h1&#8243; text_size=&#8221;h1&#8243; text_space=&#8221;&#8221; sub_lead=&#8221;yes&#8221; subheading=&#8221;Der technische Support online ist eine Dienstleistung von BrainVT f\u00fcr die Installation, Ausf\u00fchrung oder Neuinstallation der Software.<\/p>\n<p>Unser technischer Suppert \u2013 online oder telefonisch \u2013 ist f\u00fcr den BrainVT-Software-Profi und seinen Patienten kostenlos, vorausgesetzt, dass die Hardware-Konfiguration die Mindestsystemanforderungen f\u00fcr die Software erf\u00fcllt. Mithilfe dieser Fernunterst\u00fctzung k\u00f6nnen wir, mit Ihrer vorherigen Genehmigung, Ihren Computer von unserem B\u00fcro aus verwalten, um jegliche Probleme mit der Software zu l\u00f6sen.&#8221;]Hilfe per Fernverbindung[\/vc_custom_heading][\/vc_column_inner][vc_column_inner column_width_percent=&#8221;100&#8243; align_horizontal=&#8221;align_center&#8221; gutter_size=&#8221;3&#8243; overlay_alpha=&#8221;50&#8243; shift_x=&#8221;0&#8243; shift_y=&#8221;0&#8243; shift_y_down=&#8221;0&#8243; z_index=&#8221;0&#8243; medium_width=&#8221;0&#8243; mobile_width=&#8221;0&#8243; width=&#8221;1\/2&#8243;][vc_icon icon=&#8221;fa fa-whatsapp&#8221; icon_color=&#8221;color-128325&#8243; size=&#8221;fa-4x&#8221; heading_semantic=&#8221;h2&#8243; text_size=&#8221;h2&#8243; text_space=&#8221;&#8221; text_lead=&#8221;yes&#8221; text_reduced=&#8221;yes&#8221; title=&#8221;T. +34 620 367 495&#8243;]Hilfetelefon[\/vc_icon][vc_button button_color=&#8221;accent&#8221; size=&#8221;btn-lg&#8221; radius=&#8221;btn-circle&#8221; border_width=&#8221;0&#8243; link=&#8221;url:https%3A%2F%2Fanydesk.com%2Fes%2Fdownloads%2Fwindows||target:%20_blank|&#8221;]ANYDESK HERUNTERLADEN[\/vc_button][\/vc_column_inner][\/vc_row_inner][vc_empty_space empty_h=&#8221;2&#8243;][vc_row_inner row_inner_height_percent=&#8221;0&#8243; overlay_alpha=&#8221;50&#8243; gutter_size=&#8221;4&#8243; shift_y=&#8221;0&#8243; z_index=&#8221;0&#8243;][vc_column_inner width=&#8221;1\/2&#8243;][vc_icon position=&#8221;left&#8221; icon=&#8221;fa fa-clock2&#8243; icon_color=&#8221;accent&#8221; size=&#8221;fa-3x&#8221; text_size=&#8221;h4&#8243; text_space=&#8221;&#8221; align=&#8221;left&#8221; title=&#8221;Gesch\u00e4ftszeiten&#8221;]Montag bis Freitag<\/p>\n<p>9.00 bis 14.00 Uhr<\/p>\n<p>15.00 bis 17.00 Uhr<\/p>\n<p>Juli\/August 9.00 bis 15.00 Uhr[\/vc_icon][\/vc_column_inner][vc_column_inner width=&#8221;1\/2&#8243;][vc_icon position=&#8221;left&#8221; icon=&#8221;fa fa-desktop2&#8243; icon_color=&#8221;accent&#8221; size=&#8221;fa-3x&#8221; text_size=&#8221;h4&#8243; text_space=&#8221;&#8221; align=&#8221;left&#8221; title=&#8221;Verbindung&#8221;]Sie ben\u00f6tigen eine Internetverbindung, vorzugsweise GLASFASER.[\/vc_icon][\/vc_column_inner][\/vc_row_inner][\/vc_column][\/vc_row]<\/p>\n<\/div>","protected":false},"excerpt":{"rendered":"<p>[vc_row row_height_percent=&#8221;0&#8243; override_padding=&#8221;yes&#8221; h_padding=&#8221;2&#8243; top_padding=&#8221;5&#8243; bottom_padding=&#8221;5&#8243; overlay_alpha=&#8221;100&#8243; equal_height=&#8221;yes&#8221; gutter_size=&#8221;0&#8243; column_width_percent=&#8221;100&#8243; shift_y=&#8221;0&#8243; z_index=&#8221;0&#8243; style=&#8221;inherited&#8221;][vc_column column_width_percent=&#8221;100&#8243; position_horizontal=&#8221;left&#8221; gutter_size=&#8221;3&#8243; overlay_alpha=&#8221;100&#8243; shift_x=&#8221;0&#8243; shift_y=&#8221;0&#8243; shift_y_down=&#8221;0&#8243; [&hellip;]<\/p>\n","protected":false},"author":1,"featured_media":0,"parent":0,"menu_order":0,"comment_status":"closed","ping_status":"closed","template":"","meta":{"footnotes":""},"class_list":["post-1950","page","type-page","status-publish","hentry"],"yoast_head":"<!-- This site is optimized with the Yoast SEO plugin v27.3 - https:\/\/yoast.com\/product\/yoast-seo-wordpress\/ -->\n<title>HILFE - BrainVT<\/title>\n<meta name=\"robots\" content=\"index, follow, max-snippet:-1, max-image-preview:large, max-video-preview:-1\" \/>\n<link rel=\"canonical\" href=\"https:\/\/www.brainvt.com\/de\/hilfe\/\" \/>\n<meta property=\"og:locale\" content=\"de_DE\" \/>\n<meta property=\"og:type\" content=\"article\" \/>\n<meta property=\"og:title\" content=\"HILFE - BrainVT\" \/>\n<meta property=\"og:description\" content=\"[vc_row row_height_percent=&#8221;0&#8243; override_padding=&#8221;yes&#8221; h_padding=&#8221;2&#8243; top_padding=&#8221;5&#8243; bottom_padding=&#8221;5&#8243; overlay_alpha=&#8221;100&#8243; equal_height=&#8221;yes&#8221; gutter_size=&#8221;0&#8243; column_width_percent=&#8221;100&#8243; shift_y=&#8221;0&#8243; z_index=&#8221;0&#8243; style=&#8221;inherited&#8221;][vc_column column_width_percent=&#8221;100&#8243; position_horizontal=&#8221;left&#8221; gutter_size=&#8221;3&#8243; overlay_alpha=&#8221;100&#8243; shift_x=&#8221;0&#8243; shift_y=&#8221;0&#8243; shift_y_down=&#8221;0&#8243; [&hellip;]\" \/>\n<meta property=\"og:url\" content=\"https:\/\/www.brainvt.com\/de\/hilfe\/\" \/>\n<meta property=\"og:site_name\" content=\"BrainVT\" \/>\n<meta property=\"article:modified_time\" content=\"2020-09-18T17:53:46+00:00\" \/>\n<meta name=\"twitter:card\" content=\"summary_large_image\" \/>\n<meta name=\"twitter:label1\" content=\"Est. reading time\" \/>\n\t<meta name=\"twitter:data1\" content=\"2 minutes\" \/>\n<script type=\"application\/ld+json\" class=\"yoast-schema-graph\">{\"@context\":\"https:\\\/\\\/schema.org\",\"@graph\":[{\"@type\":\"WebPage\",\"@id\":\"https:\\\/\\\/www.brainvt.com\\\/de\\\/hilfe\\\/\",\"url\":\"https:\\\/\\\/www.brainvt.com\\\/de\\\/hilfe\\\/\",\"name\":\"HILFE - BrainVT\",\"isPartOf\":{\"@id\":\"https:\\\/\\\/www.brainvt.com\\\/de\\\/#website\"},\"datePublished\":\"2020-09-18T17:37:51+00:00\",\"dateModified\":\"2020-09-18T17:53:46+00:00\",\"breadcrumb\":{\"@id\":\"https:\\\/\\\/www.brainvt.com\\\/de\\\/hilfe\\\/#breadcrumb\"},\"inLanguage\":\"de-DE\",\"potentialAction\":[{\"@type\":\"ReadAction\",\"target\":[\"https:\\\/\\\/www.brainvt.com\\\/de\\\/hilfe\\\/\"]}]},{\"@type\":\"BreadcrumbList\",\"@id\":\"https:\\\/\\\/www.brainvt.com\\\/de\\\/hilfe\\\/#breadcrumb\",\"itemListElement\":[{\"@type\":\"ListItem\",\"position\":1,\"name\":\"Home\",\"item\":\"https:\\\/\\\/www.brainvt.com\\\/de\\\/\"},{\"@type\":\"ListItem\",\"position\":2,\"name\":\"HILFE\"}]},{\"@type\":\"WebSite\",\"@id\":\"https:\\\/\\\/www.brainvt.com\\\/de\\\/#website\",\"url\":\"https:\\\/\\\/www.brainvt.com\\\/de\\\/\",\"name\":\"BrainVT\",\"description\":\"Health Apps\",\"publisher\":{\"@id\":\"https:\\\/\\\/www.brainvt.com\\\/de\\\/#organization\"},\"potentialAction\":[{\"@type\":\"SearchAction\",\"target\":{\"@type\":\"EntryPoint\",\"urlTemplate\":\"https:\\\/\\\/www.brainvt.com\\\/de\\\/?s={search_term_string}\"},\"query-input\":{\"@type\":\"PropertyValueSpecification\",\"valueRequired\":true,\"valueName\":\"search_term_string\"}}],\"inLanguage\":\"de-DE\"},{\"@type\":\"Organization\",\"@id\":\"https:\\\/\\\/www.brainvt.com\\\/de\\\/#organization\",\"name\":\"BrainVT\",\"url\":\"https:\\\/\\\/www.brainvt.com\\\/de\\\/\",\"logo\":{\"@type\":\"ImageObject\",\"inLanguage\":\"de-DE\",\"@id\":\"https:\\\/\\\/www.brainvt.com\\\/de\\\/#\\\/schema\\\/logo\\\/image\\\/\",\"url\":\"https:\\\/\\\/www.brainvt.com\\\/wp-content\\\/uploads\\\/2020\\\/08\\\/brainvt-main-logo.svg\",\"contentUrl\":\"https:\\\/\\\/www.brainvt.com\\\/wp-content\\\/uploads\\\/2020\\\/08\\\/brainvt-main-logo.svg\",\"width\":1,\"height\":1,\"caption\":\"BrainVT\"},\"image\":{\"@id\":\"https:\\\/\\\/www.brainvt.com\\\/de\\\/#\\\/schema\\\/logo\\\/image\\\/\"}}]}<\/script>\n<!-- \/ Yoast SEO plugin. -->","yoast_head_json":{"title":"HILFE - BrainVT","robots":{"index":"index","follow":"follow","max-snippet":"max-snippet:-1","max-image-preview":"max-image-preview:large","max-video-preview":"max-video-preview:-1"},"canonical":"https:\/\/www.brainvt.com\/de\/hilfe\/","og_locale":"de_DE","og_type":"article","og_title":"HILFE - BrainVT","og_description":"[vc_row row_height_percent=&#8221;0&#8243; override_padding=&#8221;yes&#8221; h_padding=&#8221;2&#8243; top_padding=&#8221;5&#8243; bottom_padding=&#8221;5&#8243; overlay_alpha=&#8221;100&#8243; equal_height=&#8221;yes&#8221; gutter_size=&#8221;0&#8243; column_width_percent=&#8221;100&#8243; shift_y=&#8221;0&#8243; z_index=&#8221;0&#8243; style=&#8221;inherited&#8221;][vc_column column_width_percent=&#8221;100&#8243; position_horizontal=&#8221;left&#8221; gutter_size=&#8221;3&#8243; overlay_alpha=&#8221;100&#8243; shift_x=&#8221;0&#8243; shift_y=&#8221;0&#8243; shift_y_down=&#8221;0&#8243; [&hellip;]","og_url":"https:\/\/www.brainvt.com\/de\/hilfe\/","og_site_name":"BrainVT","article_modified_time":"2020-09-18T17:53:46+00:00","twitter_card":"summary_large_image","twitter_misc":{"Est. reading time":"2 minutes"},"schema":{"@context":"https:\/\/schema.org","@graph":[{"@type":"WebPage","@id":"https:\/\/www.brainvt.com\/de\/hilfe\/","url":"https:\/\/www.brainvt.com\/de\/hilfe\/","name":"HILFE - BrainVT","isPartOf":{"@id":"https:\/\/www.brainvt.com\/de\/#website"},"datePublished":"2020-09-18T17:37:51+00:00","dateModified":"2020-09-18T17:53:46+00:00","breadcrumb":{"@id":"https:\/\/www.brainvt.com\/de\/hilfe\/#breadcrumb"},"inLanguage":"de-DE","potentialAction":[{"@type":"ReadAction","target":["https:\/\/www.brainvt.com\/de\/hilfe\/"]}]},{"@type":"BreadcrumbList","@id":"https:\/\/www.brainvt.com\/de\/hilfe\/#breadcrumb","itemListElement":[{"@type":"ListItem","position":1,"name":"Home","item":"https:\/\/www.brainvt.com\/de\/"},{"@type":"ListItem","position":2,"name":"HILFE"}]},{"@type":"WebSite","@id":"https:\/\/www.brainvt.com\/de\/#website","url":"https:\/\/www.brainvt.com\/de\/","name":"BrainVT","description":"Health Apps","publisher":{"@id":"https:\/\/www.brainvt.com\/de\/#organization"},"potentialAction":[{"@type":"SearchAction","target":{"@type":"EntryPoint","urlTemplate":"https:\/\/www.brainvt.com\/de\/?s={search_term_string}"},"query-input":{"@type":"PropertyValueSpecification","valueRequired":true,"valueName":"search_term_string"}}],"inLanguage":"de-DE"},{"@type":"Organization","@id":"https:\/\/www.brainvt.com\/de\/#organization","name":"BrainVT","url":"https:\/\/www.brainvt.com\/de\/","logo":{"@type":"ImageObject","inLanguage":"de-DE","@id":"https:\/\/www.brainvt.com\/de\/#\/schema\/logo\/image\/","url":"https:\/\/www.brainvt.com\/wp-content\/uploads\/2020\/08\/brainvt-main-logo.svg","contentUrl":"https:\/\/www.brainvt.com\/wp-content\/uploads\/2020\/08\/brainvt-main-logo.svg","width":1,"height":1,"caption":"BrainVT"},"image":{"@id":"https:\/\/www.brainvt.com\/de\/#\/schema\/logo\/image\/"}}]}},"_links":{"self":[{"href":"https:\/\/www.brainvt.com\/de\/wp-json\/wp\/v2\/pages\/1950","targetHints":{"allow":["GET"]}}],"collection":[{"href":"https:\/\/www.brainvt.com\/de\/wp-json\/wp\/v2\/pages"}],"about":[{"href":"https:\/\/www.brainvt.com\/de\/wp-json\/wp\/v2\/types\/page"}],"author":[{"embeddable":true,"href":"https:\/\/www.brainvt.com\/de\/wp-json\/wp\/v2\/users\/1"}],"replies":[{"embeddable":true,"href":"https:\/\/www.brainvt.com\/de\/wp-json\/wp\/v2\/comments?post=1950"}],"version-history":[{"count":4,"href":"https:\/\/www.brainvt.com\/de\/wp-json\/wp\/v2\/pages\/1950\/revisions"}],"predecessor-version":[{"id":2025,"href":"https:\/\/www.brainvt.com\/de\/wp-json\/wp\/v2\/pages\/1950\/revisions\/2025"}],"wp:attachment":[{"href":"https:\/\/www.brainvt.com\/de\/wp-json\/wp\/v2\/media?parent=1950"}],"curies":[{"name":"wp","href":"https:\/\/api.w.org\/{rel}","templated":true}]}}