{"id":2030,"date":"2020-09-18T18:05:30","date_gmt":"2020-09-18T18:05:30","guid":{"rendered":"https:\/\/brainvt.staging.dissenyweb.com\/?page_id=2030"},"modified":"2020-09-18T18:05:30","modified_gmt":"2020-09-18T18:05:30","slug":"zustimmung-zum-newsletter","status":"publish","type":"page","link":"https:\/\/www.brainvt.com\/de\/zustimmung-zum-newsletter\/","title":{"rendered":"Zustimmung zum Newsletter"},"content":{"rendered":"<div class=\"wpb-content-wrapper\">[vc_row][vc_column column_width_percent=&#8221;100&#8243; gutter_size=&#8221;3&#8243; override_padding=&#8221;yes&#8221; column_padding=&#8221;3&#8243; expand_height=&#8221;yes&#8221; overlay_alpha=&#8221;50&#8243; shift_x=&#8221;0&#8243; shift_y=&#8221;0&#8243; shift_y_down=&#8221;0&#8243; z_index=&#8221;0&#8243; medium_width=&#8221;0&#8243; mobile_width=&#8221;0&#8243;][vc_column_text text_lead=&#8221;yes&#8221;]\r\n<h1 class=\"wp-block-heading\">Zustimmung zum Newsletter<\/h1>\r\n<strong>Raz\u00f3n Social: Vision Brain, S.L.\r\n<\/strong>C.I.F.: B-66615196.\r\nDirecci\u00f3n: Pl. Mestre Clav\u00e9, 6, Local, 08901 &#8211; L&#8217;Hospitalet de Llobregat (Barcelona).\r\nCorreo Electr\u00f3nico: info@brainvt.com.\r\n\r\nEn nombre de Vision Brain, S.L., le informamos que los Datos de Car\u00e1cter Personal recogidos, ser\u00e1n incorporados a un Fichero bajo nuestra responsabilidad, con la finalidad de mantenerle informado sobre las novedades de los productos y servicios que ofrecemos. Los datos proporcionados se conservar\u00e1n mientras se mantenga la relaci\u00f3n comercial o durante los a\u00f1os necesarios para cumplir con las obligaciones legales. Los datos no se ceder\u00e1n a terceros salvo en los casos en que exista una obligaci\u00f3n legal. Usted tiene derecho a obtener confirmaci\u00f3n sobre si Vision Brain, S.L. est\u00e1 tratando sus datos personales, por tanto tiene derecho a acceder a sus datos personales, rectificar los datos inexactos o solicitar su supresi\u00f3n cuando los datos ya no sean necesarios. Asimismo solicitamos su autorizaci\u00f3n para ofrecerle productos y servicios relacionados con el servicio prestado.[\/vc_column_text][\/vc_column][\/vc_row]<\/div>","protected":false},"excerpt":{"rendered":"<p>[vc_row][vc_column column_width_percent=&#8221;100&#8243; gutter_size=&#8221;3&#8243; override_padding=&#8221;yes&#8221; column_padding=&#8221;3&#8243; expand_height=&#8221;yes&#8221; overlay_alpha=&#8221;50&#8243; shift_x=&#8221;0&#8243; shift_y=&#8221;0&#8243; shift_y_down=&#8221;0&#8243; z_index=&#8221;0&#8243; medium_width=&#8221;0&#8243; mobile_width=&#8221;0&#8243;][vc_column_text text_lead=&#8221;yes&#8221;] Zustimmung zum Newsletter Raz\u00f3n Social: Vision [&hellip;]<\/p>\n","protected":false},"author":1,"featured_media":0,"parent":0,"menu_order":0,"comment_status":"closed","ping_status":"closed","template":"","meta":{"footnotes":""},"class_list":["post-2030","page","type-page","status-publish","hentry"],"yoast_head":"<!-- This site is optimized with the Yoast SEO plugin v27.3 - https:\/\/yoast.com\/product\/yoast-seo-wordpress\/ -->\n<title>Zustimmung zum Newsletter - BrainVT<\/title>\n<meta name=\"robots\" content=\"index, follow, max-snippet:-1, max-image-preview:large, max-video-preview:-1\" \/>\n<link rel=\"canonical\" href=\"https:\/\/www.brainvt.com\/de\/zustimmung-zum-newsletter\/\" \/>\n<meta property=\"og:locale\" content=\"de_DE\" \/>\n<meta property=\"og:type\" content=\"article\" \/>\n<meta property=\"og:title\" content=\"Zustimmung zum Newsletter - BrainVT\" \/>\n<meta property=\"og:description\" content=\"[vc_row][vc_column column_width_percent=&#8221;100&#8243; gutter_size=&#8221;3&#8243; override_padding=&#8221;yes&#8221; column_padding=&#8221;3&#8243; expand_height=&#8221;yes&#8221; overlay_alpha=&#8221;50&#8243; shift_x=&#8221;0&#8243; shift_y=&#8221;0&#8243; shift_y_down=&#8221;0&#8243; z_index=&#8221;0&#8243; medium_width=&#8221;0&#8243; mobile_width=&#8221;0&#8243;][vc_column_text text_lead=&#8221;yes&#8221;] Zustimmung zum Newsletter Raz\u00f3n Social: Vision [&hellip;]\" \/>\n<meta property=\"og:url\" content=\"https:\/\/www.brainvt.com\/de\/zustimmung-zum-newsletter\/\" \/>\n<meta property=\"og:site_name\" content=\"BrainVT\" \/>\n<meta name=\"twitter:card\" content=\"summary_large_image\" \/>\n<meta name=\"twitter:label1\" content=\"Est. reading time\" \/>\n\t<meta name=\"twitter:data1\" content=\"1 minute\" \/>\n<script type=\"application\/ld+json\" class=\"yoast-schema-graph\">{\"@context\":\"https:\\\/\\\/schema.org\",\"@graph\":[{\"@type\":\"WebPage\",\"@id\":\"https:\\\/\\\/www.brainvt.com\\\/de\\\/zustimmung-zum-newsletter\\\/\",\"url\":\"https:\\\/\\\/www.brainvt.com\\\/de\\\/zustimmung-zum-newsletter\\\/\",\"name\":\"Zustimmung zum Newsletter - BrainVT\",\"isPartOf\":{\"@id\":\"https:\\\/\\\/www.brainvt.com\\\/de\\\/#website\"},\"datePublished\":\"2020-09-18T18:05:30+00:00\",\"breadcrumb\":{\"@id\":\"https:\\\/\\\/www.brainvt.com\\\/de\\\/zustimmung-zum-newsletter\\\/#breadcrumb\"},\"inLanguage\":\"de-DE\",\"potentialAction\":[{\"@type\":\"ReadAction\",\"target\":[\"https:\\\/\\\/www.brainvt.com\\\/de\\\/zustimmung-zum-newsletter\\\/\"]}]},{\"@type\":\"BreadcrumbList\",\"@id\":\"https:\\\/\\\/www.brainvt.com\\\/de\\\/zustimmung-zum-newsletter\\\/#breadcrumb\",\"itemListElement\":[{\"@type\":\"ListItem\",\"position\":1,\"name\":\"Home\",\"item\":\"https:\\\/\\\/www.brainvt.com\\\/de\\\/\"},{\"@type\":\"ListItem\",\"position\":2,\"name\":\"Zustimmung zum Newsletter\"}]},{\"@type\":\"WebSite\",\"@id\":\"https:\\\/\\\/www.brainvt.com\\\/de\\\/#website\",\"url\":\"https:\\\/\\\/www.brainvt.com\\\/de\\\/\",\"name\":\"BrainVT\",\"description\":\"Health Apps\",\"publisher\":{\"@id\":\"https:\\\/\\\/www.brainvt.com\\\/de\\\/#organization\"},\"potentialAction\":[{\"@type\":\"SearchAction\",\"target\":{\"@type\":\"EntryPoint\",\"urlTemplate\":\"https:\\\/\\\/www.brainvt.com\\\/de\\\/?s={search_term_string}\"},\"query-input\":{\"@type\":\"PropertyValueSpecification\",\"valueRequired\":true,\"valueName\":\"search_term_string\"}}],\"inLanguage\":\"de-DE\"},{\"@type\":\"Organization\",\"@id\":\"https:\\\/\\\/www.brainvt.com\\\/de\\\/#organization\",\"name\":\"BrainVT\",\"url\":\"https:\\\/\\\/www.brainvt.com\\\/de\\\/\",\"logo\":{\"@type\":\"ImageObject\",\"inLanguage\":\"de-DE\",\"@id\":\"https:\\\/\\\/www.brainvt.com\\\/de\\\/#\\\/schema\\\/logo\\\/image\\\/\",\"url\":\"https:\\\/\\\/www.brainvt.com\\\/wp-content\\\/uploads\\\/2020\\\/08\\\/brainvt-main-logo.svg\",\"contentUrl\":\"https:\\\/\\\/www.brainvt.com\\\/wp-content\\\/uploads\\\/2020\\\/08\\\/brainvt-main-logo.svg\",\"width\":1,\"height\":1,\"caption\":\"BrainVT\"},\"image\":{\"@id\":\"https:\\\/\\\/www.brainvt.com\\\/de\\\/#\\\/schema\\\/logo\\\/image\\\/\"}}]}<\/script>\n<!-- \/ Yoast SEO plugin. -->","yoast_head_json":{"title":"Zustimmung zum Newsletter - BrainVT","robots":{"index":"index","follow":"follow","max-snippet":"max-snippet:-1","max-image-preview":"max-image-preview:large","max-video-preview":"max-video-preview:-1"},"canonical":"https:\/\/www.brainvt.com\/de\/zustimmung-zum-newsletter\/","og_locale":"de_DE","og_type":"article","og_title":"Zustimmung zum Newsletter - BrainVT","og_description":"[vc_row][vc_column column_width_percent=&#8221;100&#8243; gutter_size=&#8221;3&#8243; override_padding=&#8221;yes&#8221; column_padding=&#8221;3&#8243; expand_height=&#8221;yes&#8221; overlay_alpha=&#8221;50&#8243; shift_x=&#8221;0&#8243; shift_y=&#8221;0&#8243; shift_y_down=&#8221;0&#8243; z_index=&#8221;0&#8243; medium_width=&#8221;0&#8243; mobile_width=&#8221;0&#8243;][vc_column_text text_lead=&#8221;yes&#8221;] Zustimmung zum Newsletter Raz\u00f3n Social: Vision [&hellip;]","og_url":"https:\/\/www.brainvt.com\/de\/zustimmung-zum-newsletter\/","og_site_name":"BrainVT","twitter_card":"summary_large_image","twitter_misc":{"Est. reading time":"1 minute"},"schema":{"@context":"https:\/\/schema.org","@graph":[{"@type":"WebPage","@id":"https:\/\/www.brainvt.com\/de\/zustimmung-zum-newsletter\/","url":"https:\/\/www.brainvt.com\/de\/zustimmung-zum-newsletter\/","name":"Zustimmung zum Newsletter - BrainVT","isPartOf":{"@id":"https:\/\/www.brainvt.com\/de\/#website"},"datePublished":"2020-09-18T18:05:30+00:00","breadcrumb":{"@id":"https:\/\/www.brainvt.com\/de\/zustimmung-zum-newsletter\/#breadcrumb"},"inLanguage":"de-DE","potentialAction":[{"@type":"ReadAction","target":["https:\/\/www.brainvt.com\/de\/zustimmung-zum-newsletter\/"]}]},{"@type":"BreadcrumbList","@id":"https:\/\/www.brainvt.com\/de\/zustimmung-zum-newsletter\/#breadcrumb","itemListElement":[{"@type":"ListItem","position":1,"name":"Home","item":"https:\/\/www.brainvt.com\/de\/"},{"@type":"ListItem","position":2,"name":"Zustimmung zum Newsletter"}]},{"@type":"WebSite","@id":"https:\/\/www.brainvt.com\/de\/#website","url":"https:\/\/www.brainvt.com\/de\/","name":"BrainVT","description":"Health Apps","publisher":{"@id":"https:\/\/www.brainvt.com\/de\/#organization"},"potentialAction":[{"@type":"SearchAction","target":{"@type":"EntryPoint","urlTemplate":"https:\/\/www.brainvt.com\/de\/?s={search_term_string}"},"query-input":{"@type":"PropertyValueSpecification","valueRequired":true,"valueName":"search_term_string"}}],"inLanguage":"de-DE"},{"@type":"Organization","@id":"https:\/\/www.brainvt.com\/de\/#organization","name":"BrainVT","url":"https:\/\/www.brainvt.com\/de\/","logo":{"@type":"ImageObject","inLanguage":"de-DE","@id":"https:\/\/www.brainvt.com\/de\/#\/schema\/logo\/image\/","url":"https:\/\/www.brainvt.com\/wp-content\/uploads\/2020\/08\/brainvt-main-logo.svg","contentUrl":"https:\/\/www.brainvt.com\/wp-content\/uploads\/2020\/08\/brainvt-main-logo.svg","width":1,"height":1,"caption":"BrainVT"},"image":{"@id":"https:\/\/www.brainvt.com\/de\/#\/schema\/logo\/image\/"}}]}},"_links":{"self":[{"href":"https:\/\/www.brainvt.com\/de\/wp-json\/wp\/v2\/pages\/2030","targetHints":{"allow":["GET"]}}],"collection":[{"href":"https:\/\/www.brainvt.com\/de\/wp-json\/wp\/v2\/pages"}],"about":[{"href":"https:\/\/www.brainvt.com\/de\/wp-json\/wp\/v2\/types\/page"}],"author":[{"embeddable":true,"href":"https:\/\/www.brainvt.com\/de\/wp-json\/wp\/v2\/users\/1"}],"replies":[{"embeddable":true,"href":"https:\/\/www.brainvt.com\/de\/wp-json\/wp\/v2\/comments?post=2030"}],"version-history":[{"count":2,"href":"https:\/\/www.brainvt.com\/de\/wp-json\/wp\/v2\/pages\/2030\/revisions"}],"predecessor-version":[{"id":2035,"href":"https:\/\/www.brainvt.com\/de\/wp-json\/wp\/v2\/pages\/2030\/revisions\/2035"}],"wp:attachment":[{"href":"https:\/\/www.brainvt.com\/de\/wp-json\/wp\/v2\/media?parent=2030"}],"curies":[{"name":"wp","href":"https:\/\/api.w.org\/{rel}","templated":true}]}}